{"id":463,"date":"2025-11-03T20:33:18","date_gmt":"2025-11-04T01:33:18","guid":{"rendered":"https:\/\/www.dondelaprofe.com\/?page_id=463"},"modified":"2025-11-05T19:37:50","modified_gmt":"2025-11-06T00:37:50","slug":"detalles","status":"publish","type":"page","link":"https:\/\/www.dondelaprofe.com\/?page_id=463","title":{"rendered":"Papeleria"},"content":{"rendered":"\t\t<div data-elementor-type=\"wp-page\" data-elementor-id=\"463\" class=\"elementor elementor-463\">\n\t\t\t\t<div class=\"elementor-element elementor-element-7582105 e-flex e-con-boxed e-con e-parent\" data-id=\"7582105\" data-element_type=\"container\">\n\t\t\t\t\t<div class=\"e-con-inner\">\n\t\t\t\t<div class=\"elementor-element elementor-element-c9866fd elementor-widget__width-initial elementor-widget elementor-widget-heading\" data-id=\"c9866fd\" data-element_type=\"widget\" data-widget_type=\"heading.default\">\n\t\t\t\t\t<h2 class=\"elementor-heading-title elementor-size-default\">Contamos con servicio de papeler\u00eda en general<\/h2>\t\t\t\t<\/div>\n\t\t\t\t\t<\/div>\n\t\t\t\t<\/div>\n\t\t<div class=\"elementor-element elementor-element-0ad8319 e-flex e-con-boxed e-con e-parent\" data-id=\"0ad8319\" data-element_type=\"container\">\n\t\t\t\t\t<div class=\"e-con-inner\">\n\t\t<div class=\"elementor-element elementor-element-4f799e3 e-con-full e-flex e-con e-child\" data-id=\"4f799e3\" data-element_type=\"container\">\n\t\t\t\t<div class=\"elementor-element elementor-element-d29e5c4 elementor-view-default elementor-position-top elementor-mobile-position-top elementor-widget elementor-widget-icon-box\" data-id=\"d29e5c4\" data-element_type=\"widget\" data-widget_type=\"icon-box.default\">\n\t\t\t\t\t\t\t<div class=\"elementor-icon-box-wrapper\">\n\n\t\t\t\t\t\t<div class=\"elementor-icon-box-icon\">\n\t\t\t\t<span  class=\"elementor-icon\">\n\t\t\t\t<svg aria-hidden=\"true\" class=\"e-font-icon-svg e-fab-servicestack\" viewBox=\"0 0 496 512\" xmlns=\"http:\/\/www.w3.org\/2000\/svg\"><path d=\"M88 216c81.7 10.2 273.7 102.3 304 232H0c99.5-8.1 184.5-137 88-232zm32-152c32.3 35.6 47.7 83.9 46.4 133.6C249.3 231.3 373.7 321.3 400 448h96C455.3 231.9 222.8 79.5 120 64z\"><\/path><\/svg>\t\t\t\t<\/span>\n\t\t\t<\/div>\n\t\t\t\n\t\t\t\t\t\t<div class=\"elementor-icon-box-content\">\n\n\t\t\t\t\t\t\t\t\t<h3 class=\"elementor-icon-box-title\">\n\t\t\t\t\t\t<span  >\n\t\t\t\t\t\t\tJuegos did\u00e1cticos<br>Fotocopias<br>Impresiones a l\u00e1ser<br>Peluches<br>Detalles<br>Flores eternas<br>Crema Helados\nPago de facturas, bancos y cat\u00e1logos\t\t\t\t\t\t<\/span>\n\t\t\t\t\t<\/h3>\n\t\t\t\t\n\t\t\t\t\n\t\t\t<\/div>\n\t\t\t\n\t\t<\/div>\n\t\t\t\t\t\t<\/div>\n\t\t\t\t<\/div>\n\t\t<div class=\"elementor-element elementor-element-16f34ea e-con-full e-flex e-con e-child\" data-id=\"16f34ea\" data-element_type=\"container\">\n\t\t\t\t<div class=\"elementor-element elementor-element-d941e16 elementor-view-default elementor-position-top elementor-mobile-position-top elementor-widget elementor-widget-icon-box\" data-id=\"d941e16\" data-element_type=\"widget\" data-widget_type=\"icon-box.default\">\n\t\t\t\t\t\t\t<div class=\"elementor-icon-box-wrapper\">\n\n\t\t\t\t\t\t<div class=\"elementor-icon-box-icon\">\n\t\t\t\t<span  class=\"elementor-icon\">\n\t\t\t\t<svg aria-hidden=\"true\" class=\"e-font-icon-svg e-fas-server\" viewBox=\"0 0 512 512\" xmlns=\"http:\/\/www.w3.org\/2000\/svg\"><path d=\"M480 160H32c-17.673 0-32-14.327-32-32V64c0-17.673 14.327-32 32-32h448c17.673 0 32 14.327 32 32v64c0 17.673-14.327 32-32 32zm-48-88c-13.255 0-24 10.745-24 24s10.745 24 24 24 24-10.745 24-24-10.745-24-24-24zm-64 0c-13.255 0-24 10.745-24 24s10.745 24 24 24 24-10.745 24-24-10.745-24-24-24zm112 248H32c-17.673 0-32-14.327-32-32v-64c0-17.673 14.327-32 32-32h448c17.673 0 32 14.327 32 32v64c0 17.673-14.327 32-32 32zm-48-88c-13.255 0-24 10.745-24 24s10.745 24 24 24 24-10.745 24-24-10.745-24-24-24zm-64 0c-13.255 0-24 10.745-24 24s10.745 24 24 24 24-10.745 24-24-10.745-24-24-24zm112 248H32c-17.673 0-32-14.327-32-32v-64c0-17.673 14.327-32 32-32h448c17.673 0 32 14.327 32 32v64c0 17.673-14.327 32-32 32zm-48-88c-13.255 0-24 10.745-24 24s10.745 24 24 24 24-10.745 24-24-10.745-24-24-24zm-64 0c-13.255 0-24 10.745-24 24s10.745 24 24 24 24-10.745 24-24-10.745-24-24-24z\"><\/path><\/svg>\t\t\t\t<\/span>\n\t\t\t<\/div>\n\t\t\t\n\t\t\t\t\t\t<div class=\"elementor-icon-box-content\">\n\n\t\t\t\t\t\t\t\t\t<h3 class=\"elementor-icon-box-title\">\n\t\t\t\t\t\t<span  >\n\t\t\t\t\t\t\tElaboraci\u00f3n de maquetas en icopor, en reciclaje<br>Carteleras<br>Bisuter\u00edas<br>Detalles en general<br>Globos con helio<br>Retiros y env\u00edos de dinero<br>Nequi\n\t\t\t\t\t\t<\/span>\n\t\t\t\t\t<\/h3>\n\t\t\t\t\n\t\t\t\t\n\t\t\t<\/div>\n\t\t\t\n\t\t<\/div>\n\t\t\t\t\t\t<\/div>\n\t\t\t\t<\/div>\n\t\t\t\t\t<\/div>\n\t\t\t\t<\/div>\n\t\t\t\t<\/div>\n\t\t","protected":false},"excerpt":{"rendered":"<p>Contamos con servicio de papeler\u00eda en general Juegos did\u00e1cticosFotocopiasImpresiones a l\u00e1serPeluchesDetallesFlores eternasCrema Helados Pago de facturas, bancos y cat\u00e1logos Elaboraci\u00f3n de maquetas en icopor, en reciclajeCartelerasBisuter\u00edasDetalles en generalGlobos con helioRetiros y env\u00edos de dineroNequi<\/p>\n","protected":false},"author":1,"featured_media":0,"parent":0,"menu_order":0,"comment_status":"closed","ping_status":"closed","template":"","meta":{"footnotes":""},"class_list":["post-463","page","type-page","status-publish","hentry"],"yoast_head":"<!-- This site is optimized with the Yoast SEO plugin v26.3 - https:\/\/yoast.com\/wordpress\/plugins\/seo\/ -->\n<title>Papeleria - La Profe<\/title>\n<meta name=\"robots\" content=\"index, follow, max-snippet:-1, max-image-preview:large, max-video-preview:-1\" \/>\n<link rel=\"canonical\" href=\"https:\/\/www.dondelaprofe.com\/?page_id=463\" \/>\n<meta property=\"og:locale\" content=\"es_ES\" \/>\n<meta property=\"og:type\" content=\"article\" \/>\n<meta property=\"og:title\" content=\"Papeleria - La Profe\" \/>\n<meta property=\"og:description\" content=\"Contamos con servicio de papeler\u00eda en general Juegos did\u00e1cticosFotocopiasImpresiones a l\u00e1serPeluchesDetallesFlores eternasCrema Helados Pago de facturas, bancos y cat\u00e1logos Elaboraci\u00f3n de maquetas en icopor, en reciclajeCartelerasBisuter\u00edasDetalles en generalGlobos con helioRetiros y env\u00edos de dineroNequi\" \/>\n<meta property=\"og:url\" content=\"https:\/\/www.dondelaprofe.com\/?page_id=463\" \/>\n<meta property=\"og:site_name\" content=\"La Profe\" \/>\n<meta property=\"article:publisher\" content=\"https:\/\/www.facebook.com\/p\/DONDE-La-PROFE-100064073707901\/\" \/>\n<meta property=\"article:modified_time\" content=\"2025-11-06T00:37:50+00:00\" \/>\n<meta property=\"og:image\" content=\"https:\/\/www.dondelaprofe.com\/wp-content\/uploads\/2025\/10\/03e19bf0-0b8b-4c4d-a265-de60b5b4d65d-removebg-preview.png\" \/>\n\t<meta property=\"og:image:width\" content=\"500\" \/>\n\t<meta property=\"og:image:height\" content=\"500\" \/>\n\t<meta property=\"og:image:type\" content=\"image\/png\" \/>\n<meta name=\"twitter:card\" content=\"summary_large_image\" \/>\n<meta name=\"twitter:label1\" content=\"Tiempo de lectura\" \/>\n\t<meta name=\"twitter:data1\" content=\"1 minuto\" \/>\n<script type=\"application\/ld+json\" class=\"yoast-schema-graph\">{\"@context\":\"https:\/\/schema.org\",\"@graph\":[{\"@type\":\"WebPage\",\"@id\":\"https:\/\/www.dondelaprofe.com\/?page_id=463\",\"url\":\"https:\/\/www.dondelaprofe.com\/?page_id=463\",\"name\":\"Papeleria - La Profe\",\"isPartOf\":{\"@id\":\"https:\/\/www.dondelaprofe.com\/#website\"},\"datePublished\":\"2025-11-04T01:33:18+00:00\",\"dateModified\":\"2025-11-06T00:37:50+00:00\",\"breadcrumb\":{\"@id\":\"https:\/\/www.dondelaprofe.com\/?page_id=463#breadcrumb\"},\"inLanguage\":\"es-CO\",\"potentialAction\":[{\"@type\":\"ReadAction\",\"target\":[\"https:\/\/www.dondelaprofe.com\/?page_id=463\"]}]},{\"@type\":\"BreadcrumbList\",\"@id\":\"https:\/\/www.dondelaprofe.com\/?page_id=463#breadcrumb\",\"itemListElement\":[{\"@type\":\"ListItem\",\"position\":1,\"name\":\"Inicio\",\"item\":\"https:\/\/www.dondelaprofe.com\/\"},{\"@type\":\"ListItem\",\"position\":2,\"name\":\"Papeleria\"}]},{\"@type\":\"WebSite\",\"@id\":\"https:\/\/www.dondelaprofe.com\/#website\",\"url\":\"https:\/\/www.dondelaprofe.com\/\",\"name\":\"La Profe\",\"description\":\"Alquiler de disfraces piedecuesta\",\"publisher\":{\"@id\":\"https:\/\/www.dondelaprofe.com\/#organization\"},\"alternateName\":\"Alquiler de disfraces piedecuesta\",\"potentialAction\":[{\"@type\":\"SearchAction\",\"target\":{\"@type\":\"EntryPoint\",\"urlTemplate\":\"https:\/\/www.dondelaprofe.com\/?s={search_term_string}\"},\"query-input\":{\"@type\":\"PropertyValueSpecification\",\"valueRequired\":true,\"valueName\":\"search_term_string\"}}],\"inLanguage\":\"es-CO\"},{\"@type\":\"Organization\",\"@id\":\"https:\/\/www.dondelaprofe.com\/#organization\",\"name\":\"La Profe\",\"alternateName\":\"Alquiler de disfraces piedecuesta\",\"url\":\"https:\/\/www.dondelaprofe.com\/\",\"logo\":{\"@type\":\"ImageObject\",\"inLanguage\":\"es-CO\",\"@id\":\"https:\/\/www.dondelaprofe.com\/#\/schema\/logo\/image\/\",\"url\":\"https:\/\/www.dondelaprofe.com\/wp-content\/uploads\/2025\/10\/03e19bf0-0b8b-4c4d-a265-de60b5b4d65d-removebg-preview.png\",\"contentUrl\":\"https:\/\/www.dondelaprofe.com\/wp-content\/uploads\/2025\/10\/03e19bf0-0b8b-4c4d-a265-de60b5b4d65d-removebg-preview.png\",\"width\":500,\"height\":500,\"caption\":\"La Profe\"},\"image\":{\"@id\":\"https:\/\/www.dondelaprofe.com\/#\/schema\/logo\/image\/\"},\"sameAs\":[\"https:\/\/www.facebook.com\/p\/DONDE-La-PROFE-100064073707901\/\"]}]}<\/script>\n<!-- \/ Yoast SEO plugin. -->","yoast_head_json":{"title":"Papeleria - La Profe","robots":{"index":"index","follow":"follow","max-snippet":"max-snippet:-1","max-image-preview":"max-image-preview:large","max-video-preview":"max-video-preview:-1"},"canonical":"https:\/\/www.dondelaprofe.com\/?page_id=463","og_locale":"es_ES","og_type":"article","og_title":"Papeleria - La Profe","og_description":"Contamos con servicio de papeler\u00eda en general Juegos did\u00e1cticosFotocopiasImpresiones a l\u00e1serPeluchesDetallesFlores eternasCrema Helados Pago de facturas, bancos y cat\u00e1logos Elaboraci\u00f3n de maquetas en icopor, en reciclajeCartelerasBisuter\u00edasDetalles en generalGlobos con helioRetiros y env\u00edos de dineroNequi","og_url":"https:\/\/www.dondelaprofe.com\/?page_id=463","og_site_name":"La Profe","article_publisher":"https:\/\/www.facebook.com\/p\/DONDE-La-PROFE-100064073707901\/","article_modified_time":"2025-11-06T00:37:50+00:00","og_image":[{"width":500,"height":500,"url":"https:\/\/www.dondelaprofe.com\/wp-content\/uploads\/2025\/10\/03e19bf0-0b8b-4c4d-a265-de60b5b4d65d-removebg-preview.png","type":"image\/png"}],"twitter_card":"summary_large_image","twitter_misc":{"Tiempo de lectura":"1 minuto"},"schema":{"@context":"https:\/\/schema.org","@graph":[{"@type":"WebPage","@id":"https:\/\/www.dondelaprofe.com\/?page_id=463","url":"https:\/\/www.dondelaprofe.com\/?page_id=463","name":"Papeleria - La Profe","isPartOf":{"@id":"https:\/\/www.dondelaprofe.com\/#website"},"datePublished":"2025-11-04T01:33:18+00:00","dateModified":"2025-11-06T00:37:50+00:00","breadcrumb":{"@id":"https:\/\/www.dondelaprofe.com\/?page_id=463#breadcrumb"},"inLanguage":"es-CO","potentialAction":[{"@type":"ReadAction","target":["https:\/\/www.dondelaprofe.com\/?page_id=463"]}]},{"@type":"BreadcrumbList","@id":"https:\/\/www.dondelaprofe.com\/?page_id=463#breadcrumb","itemListElement":[{"@type":"ListItem","position":1,"name":"Inicio","item":"https:\/\/www.dondelaprofe.com\/"},{"@type":"ListItem","position":2,"name":"Papeleria"}]},{"@type":"WebSite","@id":"https:\/\/www.dondelaprofe.com\/#website","url":"https:\/\/www.dondelaprofe.com\/","name":"La Profe","description":"Alquiler de disfraces piedecuesta","publisher":{"@id":"https:\/\/www.dondelaprofe.com\/#organization"},"alternateName":"Alquiler de disfraces piedecuesta","potentialAction":[{"@type":"SearchAction","target":{"@type":"EntryPoint","urlTemplate":"https:\/\/www.dondelaprofe.com\/?s={search_term_string}"},"query-input":{"@type":"PropertyValueSpecification","valueRequired":true,"valueName":"search_term_string"}}],"inLanguage":"es-CO"},{"@type":"Organization","@id":"https:\/\/www.dondelaprofe.com\/#organization","name":"La Profe","alternateName":"Alquiler de disfraces piedecuesta","url":"https:\/\/www.dondelaprofe.com\/","logo":{"@type":"ImageObject","inLanguage":"es-CO","@id":"https:\/\/www.dondelaprofe.com\/#\/schema\/logo\/image\/","url":"https:\/\/www.dondelaprofe.com\/wp-content\/uploads\/2025\/10\/03e19bf0-0b8b-4c4d-a265-de60b5b4d65d-removebg-preview.png","contentUrl":"https:\/\/www.dondelaprofe.com\/wp-content\/uploads\/2025\/10\/03e19bf0-0b8b-4c4d-a265-de60b5b4d65d-removebg-preview.png","width":500,"height":500,"caption":"La Profe"},"image":{"@id":"https:\/\/www.dondelaprofe.com\/#\/schema\/logo\/image\/"},"sameAs":["https:\/\/www.facebook.com\/p\/DONDE-La-PROFE-100064073707901\/"]}]}},"_links":{"self":[{"href":"https:\/\/www.dondelaprofe.com\/index.php?rest_route=\/wp\/v2\/pages\/463","targetHints":{"allow":["GET"]}}],"collection":[{"href":"https:\/\/www.dondelaprofe.com\/index.php?rest_route=\/wp\/v2\/pages"}],"about":[{"href":"https:\/\/www.dondelaprofe.com\/index.php?rest_route=\/wp\/v2\/types\/page"}],"author":[{"embeddable":true,"href":"https:\/\/www.dondelaprofe.com\/index.php?rest_route=\/wp\/v2\/users\/1"}],"replies":[{"embeddable":true,"href":"https:\/\/www.dondelaprofe.com\/index.php?rest_route=%2Fwp%2Fv2%2Fcomments&post=463"}],"version-history":[{"count":8,"href":"https:\/\/www.dondelaprofe.com\/index.php?rest_route=\/wp\/v2\/pages\/463\/revisions"}],"predecessor-version":[{"id":521,"href":"https:\/\/www.dondelaprofe.com\/index.php?rest_route=\/wp\/v2\/pages\/463\/revisions\/521"}],"wp:attachment":[{"href":"https:\/\/www.dondelaprofe.com\/index.php?rest_route=%2Fwp%2Fv2%2Fmedia&parent=463"}],"curies":[{"name":"wp","href":"https:\/\/api.w.org\/{rel}","templated":true}]}}